{"id":10,"date":"2006-06-12T19:17:20","date_gmt":"2006-06-12T17:17:20","guid":{"rendered":"http:\/\/www.die-ritters.de\/blog\/?page_id=10"},"modified":"2024-08-16T00:28:40","modified_gmt":"2024-08-15T22:28:40","slug":"impressum","status":"publish","type":"page","link":"https:\/\/www.die-ritters.de\/blog\/impressum","title":{"rendered":"Impressum"},"content":{"rendered":"<h2>Verantwortlich f\u00fcr den Inhalt:<\/h2>\n<div style=\"width: 98%;\">\n<table class=\" alignleft\" border=\"0\" width=\"500\" cellspacing=\"0\" cellpadding=\"0\" align=\"center\">\n<tbody>\n<tr>\n<td align=\"left\">Manfred Ritter<\/td>\n<td style=\"width: 350px; height: 20px;\" align=\"left\" width=\"350\"><\/td>\n<\/tr>\n<tr>\n<td style=\"height: 20px;\" align=\"left\">Memminger Str. 7<\/td>\n<td style=\"width: 350px; text-align: left; vertical-align: text-bottom;\" align=\"left\" width=\"350\">Fax: +49-8261-7390552<\/td>\n<\/tr>\n<tr style=\"vertical align: bottom;\">\n<td align=\"left\">D-87754 Kammlach<\/td>\n<td style=\"width: 350px; text-align: left; vertical-align: bottom;\" scope=\"row\" align=\"left\" width=\"350\"><a href=\"https:\/\/www.die-ritters.de\/blog\/wp-content\/uploads\/email-1.png\"><img loading=\"lazy\" decoding=\"async\" class=\"alignleft wp-image-1375 size-full\" title=\"Adresse bitte abtippen!\" src=\"https:\/\/www.die-ritters.de\/blog\/wp-content\/uploads\/email-1.png\" alt=\"Adresse bitte abtippen!\" width=\"200\" height=\"15\" \/><\/a><\/td>\n<\/tr>\n<\/tbody>\n<\/table>\n<p>Rechtlicher Hinweis: \u00a9 Copyright 2006 &#8211; 2024 by Manfred Ritter. Alle Rechte vorbehalten. Text, Bilder, Grafiken sowie deren Anordnung auf dieser Homepage unterliegen dem Schutz des Urheberrechts und anderer Schutzgesetze. Die Anordnung der Inhalte dieser Websites darf weder zu kommerziellen noch zu privaten Zwecken kopiert, verbreitet, ver\u00e4ndert oder Dritten zug\u00e4nglich gemacht werden, wogegen das Verlinken auf die Beitr\u00e4ge ausdr\u00fccklich erlaubt ist.<\/p>\n<p>Nutzung von auf dieser Homepage hinterlegten Bildern nur mit schriftlicher Genehmigung und gegen entsprechendes Honorar. Nachweisliche Zuwiderhandlungen behalte ich mir vor, strafrechtlich verfolgen zu lassen.<\/p>\n<p><a name=\"beachten\"><\/a>Alle Beitr\u00e4ge in diesem Blog, auch die Testberichte, enthalten nur Aussagen, die meiner ureigenen und alleinigen Meinung entsprechen. Dass nicht von meiner subjektiven Bewertung auf die allgemeine Qualit\u00e4t eines Produktes oder einer Dienstleistung geschlossen werden kann, ist selbstverst\u00e4ndlich. Jede \u00c4hnlichkeit mit anderen Meinungen ist also rein zuf\u00e4llig, manchmal aber leider unvermeidbar. F\u00fcr solche F\u00e4lle bitte ich schon im Voraus um Entschuldigung und distanziere mich hiermit ausdr\u00fccklich von jeglicher gleicher Meinung anderer Personen.<\/p>\n<p>Die in Kommentaren zu den Beitr\u00e4gen ge\u00e4u\u00dferten Meinungen sind Meinungen des jeweiligen Kommentators und m\u00fcssen nicht zwangsl\u00e4ufig meiner Meinung entsprechen. F\u00fcr den jeweiligen Kommentar ist allein der Kommentierende verantwortlich. Ich behalte mir vor, Kommentare ohne Ank\u00fcndigung zu l\u00f6schen, falls das aus Gr\u00fcnden von Moral und Strafrecht n\u00f6tig werden sollte.<\/p>\n<p><a name=\"marken\"><\/a>Alle innerhalb dieses Blogs genannten und ggf. durch Dritte gesch\u00fctzten Marken- und Warenzeichen unterliegen uneingeschr\u00e4nkt den Bestimmungen des jeweils g\u00fcltigen Kennzeichenrechts und den Besitzrechten der jeweiligen eingetragenen Eigent\u00fcmer. Allein aufgrund der blo\u00dfen Nennung ist nicht der Schluss zu ziehen, dass Markenzeichen nicht durch Rechte Dritter gesch\u00fctzt sind!<\/p>\n<p>Wenn Sie mit einem Banner auf die Ansichten eines Sturkopfs verlinken m\u00f6chten, haben wir Ihnen <a href=\"https:\/\/www.die-ritters.de\/0sheets\/banner\/banner.htm\" target=\"_blank\" rel=\"noopener\">hier einige Varianten zusammengestellt<\/a>.<\/p>\n<p>Bei dieser Homepage handelt es sich um eine rein private Homepage ohne jeglichen kommerziellen Hintergrund!<\/p>\n<p style=\"width: 100%; text-align: right;\">Kammlach, 16. August 2024<\/p>\n<p>Auch wenn der Nutzen rechtlich umstritten ist, bitte <a href=\"http:\/\/www.disclaimer.de\/disclaimer.htm\" target=\"_blank\" rel=\"noopener\">Disclaimer<\/a> beachten! &#8211; Hier geht&#8217;s zu den <a href=\"https:\/\/www.die-ritters.de\/blog\/impressum\/datenschutz\">Datenschutzbestimmungen<\/a>!<br \/>\nAlle Beitr\u00e4ge in diesem Blog wurden mit\u00a0<a href=\"http:\/\/www.blogdesk.org\"><img loading=\"lazy\" decoding=\"async\" class=\"alignnone size-full wp-image-208\" src=\"https:\/\/www.die-ritters.de\/blog\/wp-content\/uploads\/blogdesk-button-200712071720091.gif\" alt=\"\" width=\"80\" height=\"15\" \/><\/a> erstellt.<\/p>\n<\/div>\n","protected":false},"excerpt":{"rendered":"<p>Verantwortlich f\u00fcr den Inhalt: Manfred Ritter Memminger Str. 7 Fax: +49-8261-7390552 D-87754 Kammlach Rechtlicher Hinweis: \u00a9 Copyright 2006 &#8211; 2024 by Manfred Ritter. Alle Rechte vorbehalten. Text, Bilder, Grafiken sowie deren Anordnung auf dieser Homepage unterliegen dem Schutz des Urheberrechts &hellip; <a href=\"https:\/\/www.die-ritters.de\/blog\/impressum\">Weiterlesen <span class=\"meta-nav\">&rarr;<\/span><\/a><\/p>\n","protected":false},"author":3,"featured_media":0,"parent":0,"menu_order":99,"comment_status":"closed","ping_status":"closed","template":"","meta":{"footnotes":""},"class_list":["post-10","page","type-page","status-publish","hentry"],"_links":{"self":[{"href":"https:\/\/www.die-ritters.de\/blog\/wp-json\/wp\/v2\/pages\/10","targetHints":{"allow":["GET"]}}],"collection":[{"href":"https:\/\/www.die-ritters.de\/blog\/wp-json\/wp\/v2\/pages"}],"about":[{"href":"https:\/\/www.die-ritters.de\/blog\/wp-json\/wp\/v2\/types\/page"}],"author":[{"embeddable":true,"href":"https:\/\/www.die-ritters.de\/blog\/wp-json\/wp\/v2\/users\/3"}],"replies":[{"embeddable":true,"href":"https:\/\/www.die-ritters.de\/blog\/wp-json\/wp\/v2\/comments?post=10"}],"version-history":[{"count":44,"href":"https:\/\/www.die-ritters.de\/blog\/wp-json\/wp\/v2\/pages\/10\/revisions"}],"predecessor-version":[{"id":1624,"href":"https:\/\/www.die-ritters.de\/blog\/wp-json\/wp\/v2\/pages\/10\/revisions\/1624"}],"wp:attachment":[{"href":"https:\/\/www.die-ritters.de\/blog\/wp-json\/wp\/v2\/media?parent=10"}],"curies":[{"name":"wp","href":"https:\/\/api.w.org\/{rel}","templated":true}]}}